{"id":7003,"date":"2022-07-11T10:30:25","date_gmt":"2022-07-11T17:30:25","guid":{"rendered":"https:\/\/awmac.com\/?page_id=7003"},"modified":"2026-02-11T09:22:24","modified_gmt":"2026-02-11T16:22:24","slug":"speakers-2026","status":"publish","type":"page","link":"http:\/\/awmac.com\/fr\/speakers-2026\/","title":{"rendered":"Intervenants 2026"},"content":{"rendered":"<h1 data-start=\"137\" data-end=\"149\"><img decoding=\"async\" class=\"alignnone wp-image-10692\" src=\"https:\/\/awmac.com\/wp-content\/uploads\/2026\/02\/Marc-Sanderson-Hero-Image-300x200.jpg\" alt=\"\" width=\"636\" height=\"424\" srcset=\"https:\/\/awmac.com\/wp-content\/uploads\/2026\/02\/Marc-Sanderson-Hero-Image-300x200.jpg 300w, https:\/\/awmac.com\/wp-content\/uploads\/2026\/02\/Marc-Sanderson-Hero-Image-1024x683.jpg 1024w, https:\/\/awmac.com\/wp-content\/uploads\/2026\/02\/Marc-Sanderson-Hero-Image-768x512.jpg 768w, https:\/\/awmac.com\/wp-content\/uploads\/2026\/02\/Marc-Sanderson-Hero-Image-18x12.jpg 18w, https:\/\/awmac.com\/wp-content\/uploads\/2026\/02\/Marc-Sanderson-Hero-Image-600x400.jpg 600w, https:\/\/awmac.com\/wp-content\/uploads\/2026\/02\/Marc-Sanderson-Hero-Image.jpg 1536w\" sizes=\"(max-width: 636px) 100vw, 636px\" \/><\/h1>\n<p data-start=\"1296\" data-end=\"1654\">Marc Sanderson, PDG d&#039;Innergy et <strong data-start=\"429\" data-end=\"489\">Commanditaire principal du congr\u00e8s national de l&#039;AWMAC de 2026<\/strong>, Marc jouera un r\u00f4le strat\u00e9gique cl\u00e9 dans le programme. Reconnu pour son approche pragmatique et ax\u00e9e sur les donn\u00e9es en mati\u00e8re de fabrication et d&#039;exploitation, il apporte une vision concr\u00e8te et r\u00e9aliste de la fa\u00e7on dont la technologie, les normes et les syst\u00e8mes plus intelligents transforment le secteur de la menuiserie architecturale en Am\u00e9rique du Nord.<\/p>\n<p data-start=\"1661\" data-end=\"1964\">Tout au long du congr\u00e8s, Marc contribuera au programme par une allocution d&#039;ouverture, un d\u00e9jeuner-d\u00e9bat interactif anim\u00e9 par les membres et en animant la table ronde de cl\u00f4ture avec des leaders du secteur. Sa participation assure la coh\u00e9rence du programme et ancre les grandes id\u00e9es dans la pratique.<\/p>\n<p>Le <a href=\"https:\/\/awmac.com\/wp-content\/uploads\/2026\/02\/2026-AWMAC-National-Convention-Program-Both.jpg\">Programme du congr\u00e8s de 2026<\/a> Elle est ax\u00e9e sur les probl\u00e9matiques les plus importantes pour les entreprises de menuiserie architecturale aujourd&#039;hui, et d&#039;autres intervenants et sessions seront annonc\u00e9s strat\u00e9giquement dans les semaines \u00e0 venir.<\/p>\n<p data-start=\"2549\" data-end=\"2581\"><strong data-start=\"2549\" data-end=\"2581\">Les domaines d&#039;intervention du programme comprennent\u00a0:<\/strong><\/p>\n<ul data-start=\"2582\" data-end=\"2914\">\n<li data-start=\"2582\" data-end=\"2638\">\n<p data-start=\"2584\" data-end=\"2638\">Donn\u00e9es, IA et syst\u00e8mes num\u00e9riques dans les op\u00e9rations de menuiserie<\/p>\n<\/li>\n<li data-start=\"2639\" data-end=\"2696\">\n<p data-start=\"2641\" data-end=\"2696\">Le lancement de NAAWS 5.0 et de son nouveau microsite num\u00e9rique<\/p>\n<\/li>\n<li data-start=\"2697\" data-end=\"2766\">\n<p data-start=\"2699\" data-end=\"2766\">Durabilit\u00e9 et mat\u00e9riaux biosourc\u00e9s comme avantage concurrentiel<\/p>\n<\/li>\n<li data-start=\"2767\" data-end=\"2836\">\n<p data-start=\"2769\" data-end=\"2836\">Gestion des risques par le biais des sp\u00e9cifications, des inspections et des normes<\/p>\n<\/li>\n<li data-start=\"2837\" data-end=\"2914\">\n<p data-start=\"2839\" data-end=\"2914\">Leadership et strat\u00e9gie d&#039;entreprise dans un environnement de fabrication exigeant<\/p>\n<\/li>\n<\/ul>\n<p><strong>Rejoignez les chefs de file de l&#039;industrie \u00e0 Qu\u00e9bec et participez aux discussions qui fa\u00e7onnent l&#039;avenir de la menuiserie architecturale. <a href=\"https:\/\/www.eventbrite.ca\/e\/awmac-2026-national-convention-tickets-1980419423808?aff=oddtdtcreator\">Cliquez ici pour vous inscrire<\/a>.<\/strong><\/p>","protected":false},"excerpt":{"rendered":"<p>Marc Sanderson, CEO of Innergy and Presenting Sponsor of the 2026 AWMAC National Convention, will serve as a strategic anchor&#8230;<\/p>","protected":false},"author":208,"featured_media":0,"parent":0,"menu_order":4,"comment_status":"closed","ping_status":"closed","template":"convention-inner.php","meta":{"_acf_changed":false,"inline_featured_image":false,"_price":"","_stock":"","_tribe_ticket_header":"","_tribe_default_ticket_provider":"TEC\\Tickets\\Commerce\\Module","_tribe_ticket_capacity":"0","_ticket_start_date":"","_ticket_end_date":"","_tribe_ticket_show_description":"","_tribe_ticket_show_not_going":false,"_tribe_ticket_use_global_stock":"","_tribe_ticket_global_stock_level":"","_global_stock_mode":"","_global_stock_cap":"","_tribe_rsvp_for_event":"","_tribe_ticket_going_count":"","_tribe_ticket_not_going_count":"","_tribe_tickets_list":"[]","_tribe_ticket_has_attendee_info_fields":false,"footnotes":"","_tec_slr_enabled":"","_tec_slr_layout":""},"class_list":["post-7003","page","type-page","status-publish","hentry"],"acf":[],"ticketed":false,"_links":{"self":[{"href":"http:\/\/awmac.com\/fr\/wp-json\/wp\/v2\/pages\/7003","targetHints":{"allow":["GET"]}}],"collection":[{"href":"http:\/\/awmac.com\/fr\/wp-json\/wp\/v2\/pages"}],"about":[{"href":"http:\/\/awmac.com\/fr\/wp-json\/wp\/v2\/types\/page"}],"author":[{"embeddable":true,"href":"http:\/\/awmac.com\/fr\/wp-json\/wp\/v2\/users\/208"}],"replies":[{"embeddable":true,"href":"http:\/\/awmac.com\/fr\/wp-json\/wp\/v2\/comments?post=7003"}],"version-history":[{"count":11,"href":"http:\/\/awmac.com\/fr\/wp-json\/wp\/v2\/pages\/7003\/revisions"}],"predecessor-version":[{"id":10735,"href":"http:\/\/awmac.com\/fr\/wp-json\/wp\/v2\/pages\/7003\/revisions\/10735"}],"wp:attachment":[{"href":"http:\/\/awmac.com\/fr\/wp-json\/wp\/v2\/media?parent=7003"}],"curies":[{"name":"wp","href":"https:\/\/api.w.org\/{rel}","templated":true}]}}