{"id":6997,"date":"2022-07-11T10:24:18","date_gmt":"2022-07-11T17:24:18","guid":{"rendered":"https:\/\/awmac.com\/?page_id=6997"},"modified":"2026-03-25T13:54:06","modified_gmt":"2026-03-25T20:54:06","slug":"registration-2026","status":"publish","type":"page","link":"http:\/\/awmac.com\/fr\/registration-2026\/","title":{"rendered":"Registration 2026"},"content":{"rendered":"<p data-start=\"571\" data-end=\"644\">Participez au congr\u00e8s national de l&#039;AWMAC 2026, qui se tiendra du 11 au 13 juin \u00e0 Qu\u00e9bec.<\/p>\n<p data-start=\"646\" data-end=\"857\">Le programme de cette ann\u00e9e r\u00e9unit les leaders de l&#039;industrie, le lancement officiel de NAAWS 5.0, des informations commerciales pratiques et les exp\u00e9riences des membres qui font des congr\u00e8s de l&#039;AWMAC un \u00e9v\u00e9nement unique dans le secteur.<\/p>\n<p data-start=\"859\" data-end=\"1089\">D&#039;une journ\u00e9e compl\u00e8te avec Marc Sanderson et des leaders de l&#039;industrie, \u00e0 <em data-start=\"920\" data-end=\"966\">Au c\u0153ur du m\u00e9tier : L&#039;exp\u00e9rience d&#039;un membre de l&#039;AWMAC<\/em>, Des soir\u00e9es m\u00e9morables et une hospitalit\u00e9 d&#039;inspiration qu\u00e9b\u00e9coise : c&#039;est ici que se rencontrent connexion, apprentissage et c\u00e9l\u00e9bration.<\/p>\n<p data-start=\"859\" data-end=\"1089\"><a href=\"https:\/\/www.eventbrite.ca\/e\/1980419423808?aff=oddtdtcreator\">Cliquez ici pour vous inscrire<\/a>. <em>(Les inscriptions se terminent le 31 mai 2026)<\/em><\/p>\n<img decoding=\"async\" class=\"alignnone wp-image-10669\" src=\"https:\/\/awmac.com\/wp-content\/uploads\/2026\/02\/2026-AWMAC-National-Convention-Program3-300x232.jpg\" alt=\"\" width=\"706\" height=\"546\" srcset=\"https:\/\/awmac.com\/wp-content\/uploads\/2026\/02\/2026-AWMAC-National-Convention-Program3-300x232.jpg 300w, https:\/\/awmac.com\/wp-content\/uploads\/2026\/02\/2026-AWMAC-National-Convention-Program3-1024x791.jpg 1024w, https:\/\/awmac.com\/wp-content\/uploads\/2026\/02\/2026-AWMAC-National-Convention-Program3-768x594.jpg 768w, https:\/\/awmac.com\/wp-content\/uploads\/2026\/02\/2026-AWMAC-National-Convention-Program3-1536x1187.jpg 1536w, https:\/\/awmac.com\/wp-content\/uploads\/2026\/02\/2026-AWMAC-National-Convention-Program3-16x12.jpg 16w, https:\/\/awmac.com\/wp-content\/uploads\/2026\/02\/2026-AWMAC-National-Convention-Program3-518x400.jpg 518w, https:\/\/awmac.com\/wp-content\/uploads\/2026\/02\/2026-AWMAC-National-Convention-Program3.jpg 1920w\" sizes=\"(max-width: 706px) 100vw, 706px\" \/>\n<p>Cliquez ici pour consulter le <a href=\"https:\/\/awmac.com\/wp-content\/uploads\/2026\/02\/2026-AWMAC-Convention-Registration-Terms-and-Conditions.pdf\">Conditions g\u00e9n\u00e9rales d&#039;inscription au congr\u00e8s national de 2026<\/a>.<\/p>","protected":false},"excerpt":{"rendered":"<p>Be part of the AWMAC 2026 National Convention, June 11\u201313 in Qu\u00e9bec City. This year\u2019s program brings together industry leaders,&#8230;<\/p>","protected":false},"author":208,"featured_media":0,"parent":0,"menu_order":0,"comment_status":"closed","ping_status":"closed","template":"convention-inner.php","meta":{"_acf_changed":false,"inline_featured_image":false,"_price":"","_stock":"","_tribe_ticket_header":"","_tribe_default_ticket_provider":"TEC\\Tickets\\Commerce\\Module","_tribe_ticket_capacity":"0","_ticket_start_date":"","_ticket_end_date":"","_tribe_ticket_show_description":"","_tribe_ticket_show_not_going":false,"_tribe_ticket_use_global_stock":"","_tribe_ticket_global_stock_level":"","_global_stock_mode":"","_global_stock_cap":"","_tribe_rsvp_for_event":"","_tribe_ticket_going_count":"","_tribe_ticket_not_going_count":"","_tribe_tickets_list":"[]","_tribe_ticket_has_attendee_info_fields":false,"footnotes":"","_tec_slr_enabled":"","_tec_slr_layout":""},"class_list":["post-6997","page","type-page","status-publish","hentry"],"acf":[],"ticketed":false,"_links":{"self":[{"href":"http:\/\/awmac.com\/fr\/wp-json\/wp\/v2\/pages\/6997","targetHints":{"allow":["GET"]}}],"collection":[{"href":"http:\/\/awmac.com\/fr\/wp-json\/wp\/v2\/pages"}],"about":[{"href":"http:\/\/awmac.com\/fr\/wp-json\/wp\/v2\/types\/page"}],"author":[{"embeddable":true,"href":"http:\/\/awmac.com\/fr\/wp-json\/wp\/v2\/users\/208"}],"replies":[{"embeddable":true,"href":"http:\/\/awmac.com\/fr\/wp-json\/wp\/v2\/comments?post=6997"}],"version-history":[{"count":12,"href":"http:\/\/awmac.com\/fr\/wp-json\/wp\/v2\/pages\/6997\/revisions"}],"predecessor-version":[{"id":10667,"href":"http:\/\/awmac.com\/fr\/wp-json\/wp\/v2\/pages\/6997\/revisions\/10667"}],"wp:attachment":[{"href":"http:\/\/awmac.com\/fr\/wp-json\/wp\/v2\/media?parent=6997"}],"curies":[{"name":"wp","href":"https:\/\/api.w.org\/{rel}","templated":true}]}}