{"id":6967,"date":"2022-07-11T09:48:11","date_gmt":"2022-07-11T16:48:11","guid":{"rendered":"https:\/\/awmac.com\/?page_id=6967"},"modified":"2026-02-10T13:08:24","modified_gmt":"2026-02-10T20:08:24","slug":"program-2026","status":"publish","type":"page","link":"http:\/\/awmac.com\/fr\/program-2026\/","title":{"rendered":"Program 2026"},"content":{"rendered":"<p data-start=\"200\" data-end=\"302\">Le <strong data-start=\"204\" data-end=\"238\">Convention nationale de l&#039;AWMAC 2026<\/strong> Ce programme est con\u00e7u pour relier les grandes id\u00e9es \u00e0 des actions concr\u00e8tes.<\/p>\n<p data-start=\"304\" data-end=\"557\">Pendant trois jours \u00e0 Qu\u00e9bec, les participants d\u00e9couvriront le leadership de l&#039;industrie et assisteront au lancement officiel de <strong data-start=\"411\" data-end=\"424\">NAAWS 5.0<\/strong>, des \u00e9changes enrichissants entre pairs et des exp\u00e9riences m\u00e9morables pour les membres, qui mettent en valeur la fiert\u00e9 et le savoir-faire qui se cachent derri\u00e8re les travaux de menuiserie architecturale.<\/p>\n<p data-start=\"559\" data-end=\"852\"><strong data-start=\"559\" data-end=\"697\">Le vendredi marque le point d&#039;orgue de la Convention avec les perspectives strat\u00e9giques de Marc Sanderson, PDG d&#039;Innergy et commanditaire principal de la Convention.<\/strong>, aux c\u00f4t\u00e9s de leaders de l&#039;industrie qui explorent comment les donn\u00e9es, l&#039;IA, les normes, les mat\u00e9riaux et la strat\u00e9gie commerciale remod\u00e8lent les op\u00e9rations de travail du bois en Am\u00e9rique du Nord.<\/p>\n<p data-start=\"854\" data-end=\"1052\"><strong data-start=\"854\" data-end=\"914\">Samedi, les membres se r\u00e9unissent pour parler de l&#039;avenir d&#039;AWMAC<\/strong>, l&#039;assembl\u00e9e g\u00e9n\u00e9rale annuelle, et <strong data-start=\"948\" data-end=\"996\">Au c\u0153ur du m\u00e9tier : L&#039;exp\u00e9rience d&#039;un membre de l&#039;AWMAC<\/strong> \u2014 un aper\u00e7u des coulisses de l&#039;excellence manufacturi\u00e8re.<\/p>\n<p data-start=\"1054\" data-end=\"1227\">Tout au long du congr\u00e8s, des \u00e9v\u00e9nements sociaux soigneusement organis\u00e9s, des exp\u00e9riences locales et des opportunit\u00e9s de r\u00e9seautage facilitent les \u00e9changes avec les pairs d&#039;une mani\u00e8re unique.<\/p>\n<p data-start=\"1580\" data-end=\"1753\"><a href=\"https:\/\/www.eventbrite.ca\/e\/1980419423808?aff=oddtdtcreator\">Cliquez ici pour vous inscrire<\/a>. <em>(Tarif pr\u00e9f\u00e9rentiel pour inscription anticip\u00e9e \u2014 valable jusqu&#039;au 20 mars)<\/em><\/p>\n<img decoding=\"async\" class=\"alignnone wp-image-10689\" src=\"https:\/\/awmac.com\/wp-content\/uploads\/2026\/02\/2026-AWMAC-National-Convention-Program-Both-300x232.jpg\" alt=\"\" width=\"828\" height=\"640\" srcset=\"https:\/\/awmac.com\/wp-content\/uploads\/2026\/02\/2026-AWMAC-National-Convention-Program-Both-300x232.jpg 300w, https:\/\/awmac.com\/wp-content\/uploads\/2026\/02\/2026-AWMAC-National-Convention-Program-Both-1024x791.jpg 1024w, https:\/\/awmac.com\/wp-content\/uploads\/2026\/02\/2026-AWMAC-National-Convention-Program-Both-768x593.jpg 768w, https:\/\/awmac.com\/wp-content\/uploads\/2026\/02\/2026-AWMAC-National-Convention-Program-Both-1536x1186.jpg 1536w, https:\/\/awmac.com\/wp-content\/uploads\/2026\/02\/2026-AWMAC-National-Convention-Program-Both-16x12.jpg 16w, https:\/\/awmac.com\/wp-content\/uploads\/2026\/02\/2026-AWMAC-National-Convention-Program-Both-518x400.jpg 518w, https:\/\/awmac.com\/wp-content\/uploads\/2026\/02\/2026-AWMAC-National-Convention-Program-Both.jpg 1920w\" sizes=\"(max-width: 828px) 100vw, 828px\" \/>\n<p>&nbsp;<\/p>\n<p style=\"text-align: center;\">","protected":false},"excerpt":{"rendered":"<p>The AWMAC 2026 National Convention program is designed to connect big ideas with practical action. Across three days in Qu\u00e9bec&#8230;<\/p>","protected":false},"author":208,"featured_media":0,"parent":0,"menu_order":0,"comment_status":"closed","ping_status":"closed","template":"convention-inner.php","meta":{"_acf_changed":false,"inline_featured_image":false,"_price":"","_stock":"","_tribe_ticket_header":"","_tribe_default_ticket_provider":"TEC\\Tickets\\Commerce\\Module","_tribe_ticket_capacity":"0","_ticket_start_date":"","_ticket_end_date":"","_tribe_ticket_show_description":"","_tribe_ticket_show_not_going":false,"_tribe_ticket_use_global_stock":"","_tribe_ticket_global_stock_level":"","_global_stock_mode":"","_global_stock_cap":"","_tribe_rsvp_for_event":"","_tribe_ticket_going_count":"","_tribe_ticket_not_going_count":"","_tribe_tickets_list":"[]","_tribe_ticket_has_attendee_info_fields":false,"footnotes":"","_tec_slr_enabled":"","_tec_slr_layout":""},"class_list":["post-6967","page","type-page","status-publish","hentry"],"acf":[],"ticketed":false,"_links":{"self":[{"href":"http:\/\/awmac.com\/fr\/wp-json\/wp\/v2\/pages\/6967","targetHints":{"allow":["GET"]}}],"collection":[{"href":"http:\/\/awmac.com\/fr\/wp-json\/wp\/v2\/pages"}],"about":[{"href":"http:\/\/awmac.com\/fr\/wp-json\/wp\/v2\/types\/page"}],"author":[{"embeddable":true,"href":"http:\/\/awmac.com\/fr\/wp-json\/wp\/v2\/users\/208"}],"replies":[{"embeddable":true,"href":"http:\/\/awmac.com\/fr\/wp-json\/wp\/v2\/comments?post=6967"}],"version-history":[{"count":11,"href":"http:\/\/awmac.com\/fr\/wp-json\/wp\/v2\/pages\/6967\/revisions"}],"predecessor-version":[{"id":10721,"href":"http:\/\/awmac.com\/fr\/wp-json\/wp\/v2\/pages\/6967\/revisions\/10721"}],"wp:attachment":[{"href":"http:\/\/awmac.com\/fr\/wp-json\/wp\/v2\/media?parent=6967"}],"curies":[{"name":"wp","href":"https:\/\/api.w.org\/{rel}","templated":true}]}}